{"id":90,"date":"2025-10-12T10:19:24","date_gmt":"2025-10-12T08:19:24","guid":{"rendered":"https:\/\/przebudzeniemocy.eu\/?page_id=90"},"modified":"2025-10-21T21:42:31","modified_gmt":"2025-10-21T19:42:31","slug":"o-mnie","status":"publish","type":"page","link":"https:\/\/przebudzeniemocy.eu\/?page_id=90","title":{"rendered":"O Mnie"},"content":{"rendered":"\t\t<div data-elementor-type=\"wp-page\" data-elementor-id=\"90\" class=\"elementor elementor-90\">\n\t\t\t\t<div class=\"elementor-element elementor-element-d5bb1ee e-con-full e-flex e-con e-parent\" data-id=\"d5bb1ee\" data-element_type=\"container\">\n\t\t\t\t<div class=\"elementor-element elementor-element-dbb110c elementor-drop-cap-yes elementor-drop-cap-view-default elementor-widget elementor-widget-text-editor\" data-id=\"dbb110c\" data-element_type=\"widget\" data-settings=\"{&quot;drop_cap&quot;:&quot;yes&quot;}\" data-widget_type=\"text-editor.default\">\n\t\t\t\t\t\t\t\t\t<p>Cze\u015b\u0107! Nazywam si\u0119 Joanna Rybka i od 15 lat pomagam ludziom odkrywa\u0107 ich potencja\u0142 i\u00a0odwa\u017cnie wprowadza\u0107 zmiany w \u017cyciu zawodowym i osobistym. Jestem certyfikowanym coach\u2019em ICC i zajmuj\u0119 si\u0119 coachingiem holistycznym. Coaching holistyczny pomaga zrozumie\u0107, jak r\u00f3\u017cne aspekty \u017cycia wp\u0142ywaj\u0105 na siebie nawzajem, np. jak stres w pracy oddzia\u0142uje na cia\u0142o, jak emocje wp\u0142ywaj\u0105 na decyzje, czy jak brak kontaktu ze sob\u0105 mo\u017ce prowadzi\u0107 do wypalenia. To podej\u015bcie, kt\u00f3re nie tylko wspiera w osi\u0105ganiu cel\u00f3w, ale te\u017c pomaga <strong>wr\u00f3ci\u0107 do siebie<\/strong> \u2014 do autentyczno\u015bci, wewn\u0119trznej mocy i harmonii.<\/p><p class=\"MsoNormal\" style=\"text-align: justify; text-indent: 35.4pt;\">Zanim zosta\u0142am coach\u2019em, przez wiele lat by\u0142am cz\u0119\u015bci\u0105 \u015bwiata korporacji. Pracowa\u0142am m.in. w\u00a0Microsoft (11 lat) i Toyota Material Handling (4 lata), gdzie pe\u0142ni\u0142am funkcje mened\u017cerskie i\u00a0mia\u0142am okazj\u0119 z bliska zobaczy\u0107, jak dzia\u0142a \u015bwiat wielkich organizacji. Widzia\u0142am, jak \u0142atwo w biegu za wynikami mo\u017cna straci\u0107 kontakt ze sob\u0105, ze swoimi warto\u015bciami i pasj\u0105. To w\u0142a\u015bnie tam zacz\u0119\u0142a si\u0119 moja droga do wi\u0119kszej \u015bwiadomo\u015bci i zrozumienie, \u017ce sukces bez wewn\u0119trznego spokoju nie daje spe\u0142nienia.<\/p><p class=\"MsoNormal\" style=\"text-align: justify; text-indent: 35.4pt;\">W swojej pracy coach\u2019a \u0142\u0105cz\u0119 solidn\u0105 wiedz\u0119 akademick\u0105 z zakresu biologii molekularnej (Uniwersytet Warszawski) z do\u015bwiadczeniem biznesowym i mened\u017cerskim oraz z wieloletni\u0105 praktyk\u0105 w pracy z lud\u017ami jako coach. Dzi\u0119ki temu patrz\u0119 na cz\u0142owieka ca\u0142o\u015bciowo \u2013 rozumiem zar\u00f3wno procesy zachodz\u0105ce w umy\u015ble i ciele, jak i wyzwania, z kt\u00f3rymi mierzymy si\u0119 w pracy i w \u017cyciu.<\/p><p class=\"MsoNormal\" style=\"text-align: justify; text-indent: 35.4pt;\">M\u00f3j blog \u201e<b>Przebudzenie Mocy<\/b>\u201d powsta\u0142 z potrzeby dzielenia si\u0119 tym, co naprawd\u0119 dzia\u0142a \u2013 do\u015bwiadczeniem, wiedz\u0105 i inspiracj\u0105 do \u017cycia w zgodzie ze sob\u0105. Nazwa nie jest przypadkowa. Wierz\u0119, \u017ce ka\u017cdy z nas ma w sobie ogromn\u0105 moc \u2013 moc tworzenia, uzdrawiania, decydowania o swoim \u017cyciu. Czasem jest ona tylko u\u015bpiona, przykryta l\u0119kami, przekonaniami czy cudzymi oczekiwaniami. Moj\u0105 misj\u0105 jest pom\u00f3c Ci t\u0119 moc <b>przebudzi\u0107<\/b> \u2013 \u017ceby\u015b m\u00f3g\u0142\/mog\u0142a odzyska\u0107 zaufanie do siebie, poczu\u0107 spok\u00f3j i\u00a0zacz\u0105\u0107 \u017cy\u0107 w pe\u0142ni.<\/p><p class=\"MsoNormal\" style=\"text-align: justify; text-indent: 20.4pt;\">Na blogu dziel\u0119 si\u0119 refleksjami o:<\/p><ul><li>poszerzaniu \u015bwiadomo\u015bci i dlaczego to takie wa\u017cne dla Twojego rozwoju;<\/li><li>emocjach i jak sobie radzi\u0107 z tymi naprawd\u0119 trudnymi;<\/li><li>neuroplastyczno\u015bci m\u00f3zgu i jak sam\/sama mo\u017cesz wykorzysta\u0107 j\u0105 w swoim \u017cyciu;<\/li><li>ograniczaj\u0105cych przekonaniach i o tym jak sobie z nimi poradzi\u0107;<\/li><li>jak ma\u0142e kroki mog\u0105 prowadzi\u0107 do wielkich zmian i od czego zacz\u0105\u0107;<\/li><li>jak radzi\u0107 sobie z w\u0142asnymi Gremlinami: oporem przed zmian\u0105, prokrastynacj\u0105, niskim poczuciem warto\u015bci, itp.;<\/li><li>i wiele wi\u0119cej.<\/li><\/ul><p class=\"MsoNormal\" style=\"text-align: justify; text-indent: 20.4pt;\">Je\u015bli szukasz przestrzeni, w kt\u00f3rej mo\u017cna si\u0119 zatrzyma\u0107, z\u0142apa\u0107 oddech i przypomnie\u0107 sobie, kim naprawd\u0119 jeste\u015b \u2013 jeste\u015b we w\u0142a\u015bciwym miejscu.<\/p><p class=\"MsoNormal\" style=\"text-align: center;\"><em><span style=\"font-family: 'Segoe UI Emoji',sans-serif; mso-bidi-font-family: 'Segoe UI Emoji';\">Moje m<\/span>otto: <b>Twoja moc nigdy nie znikn\u0119\u0142a. Po prostu czeka, a\u017c sobie o niej przypomnisz.<\/b><\/em><\/p>\t\t\t\t\t\t\t\t<\/div>\n\t\t\t\t<\/div>\n\t\t\t\t<\/div>\n\t\t","protected":false},"excerpt":{"rendered":"<p>Cze\u015b\u0107! Nazywam si\u0119 Joanna Rybka i od 15 lat pomagam ludziom odkrywa\u0107 ich potencja\u0142 i\u00a0odwa\u017cnie wprowadza\u0107 zmiany w \u017cyciu zawodowym i osobistym. Jestem certyfikowanym coach\u2019em ICC i zajmuj\u0119 si\u0119 coachingiem holistycznym. Coaching holistyczny pomaga zrozumie\u0107, jak r\u00f3\u017cne aspekty \u017cycia wp\u0142ywaj\u0105 na siebie nawzajem, np. jak stres w pracy oddzia\u0142uje na cia\u0142o, jak emocje wp\u0142ywaj\u0105 na&#8230;<\/p>\n","protected":false},"author":1,"featured_media":0,"parent":0,"menu_order":0,"comment_status":"closed","ping_status":"closed","template":"","meta":{"footnotes":""},"class_list":["post-90","page","type-page","status-publish","hentry"],"jetpack_likes_enabled":true,"jetpack_sharing_enabled":true,"_links":{"self":[{"href":"https:\/\/przebudzeniemocy.eu\/index.php?rest_route=\/wp\/v2\/pages\/90","targetHints":{"allow":["GET"]}}],"collection":[{"href":"https:\/\/przebudzeniemocy.eu\/index.php?rest_route=\/wp\/v2\/pages"}],"about":[{"href":"https:\/\/przebudzeniemocy.eu\/index.php?rest_route=\/wp\/v2\/types\/page"}],"author":[{"embeddable":true,"href":"https:\/\/przebudzeniemocy.eu\/index.php?rest_route=\/wp\/v2\/users\/1"}],"replies":[{"embeddable":true,"href":"https:\/\/przebudzeniemocy.eu\/index.php?rest_route=%2Fwp%2Fv2%2Fcomments&post=90"}],"version-history":[{"count":34,"href":"https:\/\/przebudzeniemocy.eu\/index.php?rest_route=\/wp\/v2\/pages\/90\/revisions"}],"predecessor-version":[{"id":234,"href":"https:\/\/przebudzeniemocy.eu\/index.php?rest_route=\/wp\/v2\/pages\/90\/revisions\/234"}],"wp:attachment":[{"href":"https:\/\/przebudzeniemocy.eu\/index.php?rest_route=%2Fwp%2Fv2%2Fmedia&parent=90"}],"curies":[{"name":"wp","href":"https:\/\/api.w.org\/{rel}","templated":true}]}}