{"id":110,"date":"2025-10-12T11:24:47","date_gmt":"2025-10-12T09:24:47","guid":{"rendered":"https:\/\/przebudzeniemocy.eu\/?page_id=110"},"modified":"2026-03-04T18:20:44","modified_gmt":"2026-03-04T17:20:44","slug":"oferta","status":"publish","type":"page","link":"https:\/\/przebudzeniemocy.eu\/?page_id=110","title":{"rendered":"Oferta"},"content":{"rendered":"\t\t<div data-elementor-type=\"wp-page\" data-elementor-id=\"110\" class=\"elementor elementor-110\">\n\t\t\t\t<div class=\"elementor-element elementor-element-535268e e-flex e-con-boxed e-con e-parent\" data-id=\"535268e\" data-element_type=\"container\">\n\t\t\t\t\t<div class=\"e-con-inner\">\n\t\t\t\t<div class=\"elementor-element elementor-element-cb2f7a6 elementor-widget elementor-widget-text-editor\" data-id=\"cb2f7a6\" data-element_type=\"widget\" data-widget_type=\"text-editor.default\">\n\t\t\t\t\t\t\t\t\t<p><strong>Sesja: RE-IMPRINT\u2013 G\u0142\u0119boka Transformacja Przekona\u0144 <\/strong><\/p><p><strong>Inwestycja: 700 z\u0142<\/strong><br \/><strong>Czas trwania: 60\u201390 minut<\/strong><br \/><strong>Forma: sesja indywidualna (wy\u0142\u0105cznie stacjonarnie)<\/strong><\/p><p>To nie jest zwyk\u0142a sesja coachingowa.<br \/>To <strong>precyzyjna praca z Twoimi kluczowymi przekonaniami<\/strong>, kt\u00f3re \u2013 cz\u0119sto nie\u015bwiadomie \u2013 kieruj\u0105 Twoimi decyzjami, relacjami i poziomem sukcesu.<\/p><p><strong>Czym jest Reimprint?<\/strong><\/p><p><strong>Imprint (wdruk)<\/strong> to formuj\u0105ce do\u015bwiadczenie z przesz\u0142o\u015bci, na podstawie kt\u00f3rego stworzy\u0142a\u015b\/stworzy\u0142e\u015b przekonanie lub ca\u0142y ich pakiet.<br \/>Cz\u0119sto wi\u0105\u017ce si\u0119 ono r\u00f3wnie\u017c z nie\u015bwiadomym przej\u0119ciem r\u00f3l od wa\u017cnych os\u00f3b z tamtego czasu (rodzic\u00f3w, nauczycieli, autorytet\u00f3w).<\/p><p>Te przekonania mog\u0105 dzi\u015b brzmie\u0107 np.:<\/p><ul><li>\u201eNie jestem wystarczaj\u0105ca.\u201d<\/li><li>\u201eMusz\u0119 zas\u0142ugiwa\u0107 na mi\u0142o\u015b\u0107.\u201d<\/li><li>\u201eSukces wymaga po\u015bwi\u0119cenia siebie.\u201d<\/li><li>\u201eNie mog\u0119 by\u0107 w pe\u0142ni sob\u0105.\u201d<\/li><\/ul><p><strong>Reimprint<\/strong> to proces, kt\u00f3ry pozwala:<\/p><p><img decoding=\"async\" class=\"emoji\" role=\"img\" draggable=\"false\" src=\"https:\/\/s.w.org\/images\/core\/emoji\/17.0.2\/svg\/2714.svg\" alt=\"\u2714\" \/> odnale\u017a\u0107 brakuj\u0105ce zasoby z tamtej sytuacji;<br \/><img decoding=\"async\" class=\"emoji\" role=\"img\" draggable=\"false\" src=\"https:\/\/s.w.org\/images\/core\/emoji\/17.0.2\/svg\/2714.svg\" alt=\"\u2714\" \/> zmieni\u0107 ograniczaj\u0105ce przekonanie;<br \/><img decoding=\"async\" class=\"emoji\" role=\"img\" draggable=\"false\" src=\"https:\/\/s.w.org\/images\/core\/emoji\/17.0.2\/svg\/2714.svg\" alt=\"\u2714\" \/> zaktualizowa\u0107 przyj\u0119te role do obecnych reali\u00f3w Twojego \u017cycia;<br \/><img decoding=\"async\" class=\"emoji\" role=\"img\" draggable=\"false\" src=\"https:\/\/s.w.org\/images\/core\/emoji\/17.0.2\/svg\/2714.svg\" alt=\"\u2714\" \/> <strong>wdrukowa<\/strong><strong>\u0107 nowe, wspieraj<\/strong><strong>\u0105ce przekonania<\/strong>;<\/p><p>To g\u0142\u0119boka, ale bezpieczna forma transformacji, kt\u00f3ra dzia\u0142a na poziomie \u017ar\u00f3d\u0142a problemu \u2013 nie tylko jego objaw\u00f3w.<\/p><p><strong>Dla kogo jest ta sesja?<\/strong><\/p><p>To oferta premium dla kobiet i m\u0119\u017cczyzn, kt\u00f3rzy:<\/p><ul><li>osi\u0105gn\u0119li ju\u017c pewien poziom \u015bwiadomo\u015bci i rozwoju, ale czuj\u0105 \u201eszklany sufit\u201d;<\/li><li>powtarzaj\u0105 te same schematy w relacjach;<\/li><li>sabotuj\u0105 swoje sukcesy lub odwlekaj\u0105 decyzje;<\/li><li>czuj\u0105 l\u0119k przed odrzuceniem, ocen\u0105, ekspozycj\u0105;<\/li><li>maj\u0105 poczucie, \u017ce \u201eco\u015b ich blokuje\u201d, cho\u0107 logicznie wiedz\u0105, \u017ce mog\u0105 wi\u0119cej;<\/li><li>s\u0105 liderami, przedsi\u0119biorcami, coachami lub specjalistami i chc\u0105 wej\u015b\u0107 na wy\u017cszy poziom wp\u0142ywu i sp\u00f3jno\u015bci.<\/li><\/ul><p>To nie jest sesja dla os\u00f3b, kt\u00f3re szukaj\u0105 szybkiej motywacji.<br \/>To praca dla tych, kt\u00f3rzy s\u0105 gotowi na realn\u0105, wewn\u0119trzn\u0105 zmian\u0119.<\/p><p><strong>Co mo\u017cesz zyska\u0107?<\/strong><\/p><p>Po sesji klienci najcz\u0119\u015bciej do\u015bwiadczaj\u0105:<\/p><ul><li>wewn\u0119trznego uwolnienia i spadku napi\u0119cia;<\/li><li>wi\u0119kszej pewno\u015bci siebie;<\/li><li>zmiany reakcji emocjonalnych w dotychczas trudnych sytuacjach;<\/li><li>poczucia mocy i sprawczo\u015bci;<\/li><li>klarowno\u015bci decyzji;<\/li><li>wi\u0119kszej autentyczno\u015bci w relacjach.<\/li><\/ul><p>Zmiana zachodzi na poziomie to\u017csamo\u015bci, a nie tylko strategii dzia\u0142ania.<\/p><p><strong>Dlaczego to sesja premium?<\/strong><\/p><ul><li>Pracujemy na poziomie \u017ar\u00f3d\u0142a, a nie objawu.<\/li><li>To intensywny, skoncentrowany proces 1:1.<\/li><li>Wykorzystuj\u0119 15 lat do\u015bwiadczenia coachingowego.<\/li><li>Otrzymujesz bezpieczn\u0105, uwa\u017cn\u0105 przestrze\u0144 oraz precyzyjne prowadzenie.<\/li><\/ul><p>Jedna sesja mo\u017ce zmieni\u0107 wi\u0119cej ni\u017c miesi\u0105ce analizowania problemu.<\/p><p><strong>Jak wygl\u0105da proces?<\/strong><\/p><ol><li>Okre\u015blamy obszar, w kt\u00f3rym odczuwasz blokad\u0119.<\/li><li>Docieramy do do\u015bwiadczenia \u017ar\u00f3d\u0142owego (imprintu).<\/li><li>Odzyskujemy brakuj\u0105ce zasoby.<\/li><li>Aktualizujemy role i przekonania.<\/li><li>Wdrukowujemy nowe, wspieraj\u0105ce przekonanie adekwatne do Twojego obecnego \u017cycia.<\/li><\/ol><p>Proces jest prowadzony spokojnie, krok po kroku.<\/p><p><strong>Inwestycja<\/strong><\/p><p><strong>700 z\u0142 za sesj\u0119 (60\u201390 minut)<\/strong><\/p><p>To inwestycja w zmian\u0119 przekona\u0144, kt\u00f3re mog\u0142y wp\u0142ywa\u0107 na Twoje \u017cycie przez lata.<\/p><p>Je\u015bli czujesz, \u017ce to moment na g\u0142\u0119bok\u0105, wewn\u0119trzn\u0105 aktualizacj\u0119 \u2013<br \/><strong>zapraszam do rezerwacji sesji.<\/strong><\/p><p>Mo\u017cesz wej\u015b\u0107 na wy\u017cszy poziom \u015bwiadomo\u015bci i dzia\u0142ania.<br \/>Twoja historia nie musi definiowa\u0107 Twojej przysz\u0142o\u015bci.<\/p><p>\u00a0<\/p>\t\t\t\t\t\t\t\t<\/div>\n\t\t\t\t\t<\/div>\n\t\t\t\t<\/div>\n\t\t\t\t<\/div>\n\t\t","protected":false},"excerpt":{"rendered":"<p>Sesja: RE-IMPRINT\u2013 G\u0142\u0119boka Transformacja Przekona\u0144 Inwestycja: 700 z\u0142Czas trwania: 60\u201390 minutForma: sesja indywidualna (wy\u0142\u0105cznie stacjonarnie) To nie jest zwyk\u0142a sesja coachingowa.To precyzyjna praca z Twoimi kluczowymi przekonaniami, kt\u00f3re \u2013 cz\u0119sto nie\u015bwiadomie \u2013 kieruj\u0105 Twoimi decyzjami, relacjami i poziomem sukcesu. Czym jest Reimprint? Imprint (wdruk) to formuj\u0105ce do\u015bwiadczenie z przesz\u0142o\u015bci, na podstawie kt\u00f3rego stworzy\u0142a\u015b\/stworzy\u0142e\u015b przekonanie lub&#8230;<\/p>\n","protected":false},"author":1,"featured_media":0,"parent":0,"menu_order":0,"comment_status":"closed","ping_status":"closed","template":"","meta":{"footnotes":""},"class_list":["post-110","page","type-page","status-publish","hentry"],"jetpack_likes_enabled":true,"jetpack_sharing_enabled":true,"_links":{"self":[{"href":"https:\/\/przebudzeniemocy.eu\/index.php?rest_route=\/wp\/v2\/pages\/110","targetHints":{"allow":["GET"]}}],"collection":[{"href":"https:\/\/przebudzeniemocy.eu\/index.php?rest_route=\/wp\/v2\/pages"}],"about":[{"href":"https:\/\/przebudzeniemocy.eu\/index.php?rest_route=\/wp\/v2\/types\/page"}],"author":[{"embeddable":true,"href":"https:\/\/przebudzeniemocy.eu\/index.php?rest_route=\/wp\/v2\/users\/1"}],"replies":[{"embeddable":true,"href":"https:\/\/przebudzeniemocy.eu\/index.php?rest_route=%2Fwp%2Fv2%2Fcomments&post=110"}],"version-history":[{"count":13,"href":"https:\/\/przebudzeniemocy.eu\/index.php?rest_route=\/wp\/v2\/pages\/110\/revisions"}],"predecessor-version":[{"id":357,"href":"https:\/\/przebudzeniemocy.eu\/index.php?rest_route=\/wp\/v2\/pages\/110\/revisions\/357"}],"wp:attachment":[{"href":"https:\/\/przebudzeniemocy.eu\/index.php?rest_route=%2Fwp%2Fv2%2Fmedia&parent=110"}],"curies":[{"name":"wp","href":"https:\/\/api.w.org\/{rel}","templated":true}]}}